{"id":86,"date":"2014-06-14T20:19:08","date_gmt":"2014-06-14T18:19:08","guid":{"rendered":"http:\/\/kajaki-pilica.pl\/?page_id=86"},"modified":"2024-07-12T12:13:14","modified_gmt":"2024-07-12T10:13:14","slug":"86-2","status":"publish","type":"page","link":"https:\/\/kajaki-pilica.pl\/","title":{"rendered":"Wypo\u017cyczalnia kajak\u00f3w, organizacja sp\u0142yw\u00f3w, wypo\u017cyczalnia sprz\u0119tu rowerowego"},"content":{"rendered":"\n<p>Organizujemy wycieczki rowerowe promuj\u0105ce walory przyrodniczo \u2013 krajobrazowe Doliny Pilicy. Wycieczki odbywaj\u0105 si\u0119 po wyznaczonych szlakach rowerowych. Korzystaj\u0105c z aktywnego wypoczynku mo\u017cna zapozna\u0107 si\u0119 z g\u0142\u00f3wnymi atrakcjami regionu, np. zwiedzi\u0107 ko\u015bci\u00f3\u0142 \u015aw. Idziego, ruiny Zamku Kazimierzowskiego, bunkry w Konewce, czy pos\u0105g \u017cubra w Spale. Wszystkie szczeg\u00f3\u0142y zwi\u0105zane z wycieczkami rowerowymi mo\u017cna znale\u017a\u0107 w <strong><a href=\"https:\/\/kajaki-pilica.pl\/?page_id=166\">tym miejscu<\/a><\/strong>.<\/p>\n\n\n\n<h1 class=\"wp-block-heading\"><strong>Skorzystanie z naszych us\u0142ug to gwarancja \u015bwietnie sp\u0119dzonego czasu.<\/strong><\/h1>\n\n\n\n<p> Wypo\u017cyczamy kajaki i organizujemy sp\u0142ywy na wielu r\u00f3\u017cnorodnych trasach dostosowanych do potrzeb i mo\u017cliwo\u015bci klient\u00f3w (od Tomaszowa Mazowieckiego, poprzez Spa\u0142\u0119, Inow\u0142\u00f3dz, Grotowice, wiele innych, a\u017c po Wis\u0142\u0119). Wi\u0119cej informacji o ofercie sp\u0142yw\u00f3w znajduje si\u0119 <strong><a href=\"https:\/\/kajaki-pilica.pl\/?page_id=14\">tutaj<\/a><\/strong>.<\/p>\n\n\n\n<h1 class=\"wp-block-heading\"><strong>Kajaki s\u0105 dla ka\u017cdego<\/strong><\/h1>\n\n\n\n<p>Kajakarstwo to sport dla wszystkich i rekreacja dla ka\u017cdego. W uprawianiu kajakarstwa nie ma bariery wiekowej, jest to zatem \u015bwietny pomys\u0142 na wsp\u00f3lne sp\u0119dzenie rodzinnego dnia lub weekendu. Wystarczy zabra\u0107 ze sob\u0105 krem ochronny, co\u015b do picia (najlepiej wod\u0119) i dobry humor. Nawet dla nie wprawionych kajakarzy opanowanie sztuki wios\u0142owania nie jest trudne. NaW naszej stronie mo\u017cecie Pa\u0144stwo znale\u017a\u0107 prezentacj\u0119 na temat techniki i zasad p\u0142ywania kajakiem. Pami\u0119ta\u0107 jednak zawsze nale\u017cy o zachowaniu szczeg\u00f3lnej ostro\u017cno\u015bci na wodzie. Kajakarstwo \u0142\u0105czy w sobie aktywny wypoczynek i \u015bwiadome obcowanie z przyrod\u0105. P\u0142ywanie kajakiem pozwala pozna\u0107 bogactwo przyrody, pos\u0142ucha\u0107 jej, oderwa\u0107 si\u0119 od zgie\u0142ku miasta i dostarcza niezapomnianych prze\u017cy\u0107.<\/p>\n\n\n\n<h1 class=\"wp-block-heading\"><strong>To tania i atrakcyjna forma aktywnego wypoczynku.<\/strong><\/h1>\n\n\n\n<p>Do skorzystania z naszej oferty zapraszamy mieszka\u0144c\u00f3w Tomaszowa Mazowieckiego, jego okolic, a tak\u017ce wszystkich z wojew\u00f3dztwa \u0142\u00f3dzkiego, mazowieckiego i ca\u0142ej Polski.<\/p>\n","protected":false},"excerpt":{"rendered":"<p>Organizujemy wycieczki rowerowe promuj\u0105ce walory przyrodniczo \u2013 krajobrazowe Doliny Pilicy. Wycieczki odbywaj\u0105 si\u0119 po wyznaczonych szlakach rowerowych. Korzystaj\u0105c z aktywnego wypoczynku mo\u017cna zapozna\u0107 si\u0119 z g\u0142\u00f3wnymi atrakcjami regionu, np. zwiedzi\u0107 ko\u015bci\u00f3\u0142 \u015aw. Idziego, ruiny Zamku Kazimierzowskiego, bunkry w Konewce, czy pos\u0105g \u017cubra w Spale. Wszystkie szczeg\u00f3\u0142y zwi\u0105zane z wycieczkami rowerowymi mo\u017cna znale\u017a\u0107 w tym miejscu. &hellip; <\/p>\n<p class=\"link-more\"><a href=\"https:\/\/kajaki-pilica.pl\/\" class=\"more-link\">Czytaj dalej<span class=\"screen-reader-text\"> \u201eWypo\u017cyczalnia kajak\u00f3w, organizacja sp\u0142yw\u00f3w, wypo\u017cyczalnia sprz\u0119tu rowerowego\u201d<\/span><\/a><\/p>\n","protected":false},"author":1,"featured_media":0,"parent":0,"menu_order":0,"comment_status":"closed","ping_status":"closed","template":"","meta":{"footnotes":""},"_links":{"self":[{"href":"https:\/\/kajaki-pilica.pl\/index.php?rest_route=\/wp\/v2\/pages\/86"}],"collection":[{"href":"https:\/\/kajaki-pilica.pl\/index.php?rest_route=\/wp\/v2\/pages"}],"about":[{"href":"https:\/\/kajaki-pilica.pl\/index.php?rest_route=\/wp\/v2\/types\/page"}],"author":[{"embeddable":true,"href":"https:\/\/kajaki-pilica.pl\/index.php?rest_route=\/wp\/v2\/users\/1"}],"replies":[{"embeddable":true,"href":"https:\/\/kajaki-pilica.pl\/index.php?rest_route=%2Fwp%2Fv2%2Fcomments&post=86"}],"version-history":[{"count":21,"href":"https:\/\/kajaki-pilica.pl\/index.php?rest_route=\/wp\/v2\/pages\/86\/revisions"}],"predecessor-version":[{"id":418,"href":"https:\/\/kajaki-pilica.pl\/index.php?rest_route=\/wp\/v2\/pages\/86\/revisions\/418"}],"wp:attachment":[{"href":"https:\/\/kajaki-pilica.pl\/index.php?rest_route=%2Fwp%2Fv2%2Fmedia&parent=86"}],"curies":[{"name":"wp","href":"https:\/\/api.w.org\/{rel}","templated":true}]}}